{"id":2500,"date":"2020-12-30T15:26:51","date_gmt":"2020-12-30T14:26:51","guid":{"rendered":"https:\/\/www.skilysa.sk\/weather\/"},"modified":"2020-12-30T15:26:52","modified_gmt":"2020-12-30T14:26:52","slug":"weather","status":"publish","type":"page","link":"https:\/\/www.skilysa.sk\/en\/weather\/","title":{"rendered":"Weather"},"content":{"rendered":"\t\t<div data-elementor-type=\"wp-page\" data-elementor-id=\"2500\" class=\"elementor elementor-2500 elementor-26\" data-elementor-post-type=\"page\">\n\t\t\t\t\t\t<section class=\"elementor-section elementor-top-section elementor-element elementor-element-78f587f3 elementor-section-content-top elementor-section-boxed elementor-section-height-default elementor-section-height-default\" data-id=\"78f587f3\" data-element_type=\"section\" data-e-type=\"section\">\n\t\t\t\t\t\t<div class=\"elementor-container elementor-column-gap-default\">\n\t\t\t\t\t<div class=\"elementor-column elementor-col-50 elementor-top-column elementor-element elementor-element-1447d6f9\" data-id=\"1447d6f9\" data-element_type=\"column\" data-e-type=\"column\">\n\t\t\t<div class=\"elementor-widget-wrap elementor-element-populated\">\n\t\t\t\t\t\t<section class=\"elementor-section elementor-inner-section elementor-element elementor-element-61788061 elementor-section-boxed elementor-section-height-default elementor-section-height-default\" data-id=\"61788061\" data-element_type=\"section\" data-e-type=\"section\" data-settings=\"{&quot;background_background&quot;:&quot;classic&quot;}\">\n\t\t\t\t\t\t<div class=\"elementor-container elementor-column-gap-default\">\n\t\t\t\t\t<div class=\"elementor-column elementor-col-100 elementor-inner-column elementor-element elementor-element-569bb9c0\" data-id=\"569bb9c0\" data-element_type=\"column\" data-e-type=\"column\">\n\t\t\t<div class=\"elementor-widget-wrap\">\n\t\t\t\t\t\t\t<\/div>\n\t\t<\/div>\n\t\t\t\t\t<\/div>\n\t\t<\/section>\n\t\t\t\t\t<\/div>\n\t\t<\/div>\n\t\t\t\t<div class=\"elementor-column elementor-col-50 elementor-top-column elementor-element elementor-element-496b59a\" data-id=\"496b59a\" data-element_type=\"column\" data-e-type=\"column\">\n\t\t\t<div class=\"elementor-widget-wrap elementor-element-populated\">\n\t\t\t\t\t\t<section class=\"elementor-section elementor-inner-section elementor-element elementor-element-4cdd79ee elementor-section-boxed elementor-section-height-default elementor-section-height-default\" data-id=\"4cdd79ee\" data-element_type=\"section\" data-e-type=\"section\" data-settings=\"{&quot;background_background&quot;:&quot;classic&quot;}\">\n\t\t\t\t\t\t<div class=\"elementor-container elementor-column-gap-default\">\n\t\t\t\t\t<div class=\"elementor-column elementor-col-100 elementor-inner-column elementor-element elementor-element-123f4f36\" data-id=\"123f4f36\" data-element_type=\"column\" data-e-type=\"column\">\n\t\t\t<div class=\"elementor-widget-wrap elementor-element-populated\">\n\t\t\t\t\t\t<div class=\"elementor-element elementor-element-2fc83488 elementor-position-inline-end elementor-view-default elementor-mobile-position-block-start elementor-widget elementor-widget-icon-box\" data-id=\"2fc83488\" data-element_type=\"widget\" data-e-type=\"widget\" data-widget_type=\"icon-box.default\">\n\t\t\t\t\t\t\t<div class=\"elementor-icon-box-wrapper\">\n\n\t\t\t\t\t\t<div class=\"elementor-icon-box-icon\">\n\t\t\t\t<a href=\"https:\/\/www.skilysa.sk\/mapa-strediska\/?lang=en\" class=\"elementor-icon\" tabindex=\"-1\" aria-label=\"Resort map\">\n\t\t\t\t<svg xmlns=\"http:\/\/www.w3.org\/2000\/svg\" width=\"57\" height=\"57\" viewBox=\"0 0 57 57\" fill=\"none\"><path d=\"M54.7032 0.332153C54.3921 0.332036 54.0851 0.404345 53.8068 0.543444L38.6254 8.13618L21.4587 0.505412C21.4307 0.493439 21.3986 0.491326 21.3686 0.479353C21.2914 0.450476 21.2124 0.426413 21.1322 0.407279C21.0525 0.385798 20.9715 0.369012 20.8898 0.357156C20.7271 0.343774 20.5636 0.343774 20.401 0.357156C20.3193 0.369012 20.2383 0.385798 20.1586 0.407279C20.0784 0.426413 19.9994 0.450476 19.9222 0.479353C19.8921 0.491326 19.8601 0.493321 19.832 0.505412L1.80188 8.51885C1.0781 8.84025 0.61173 9.55793 0.611847 10.3498V54.4236C0.612199 55.1013 0.955077 55.733 1.52333 56.1024C2.0917 56.4724 2.80857 56.5297 3.42847 56.2546L20.6453 48.6018L37.8621 56.2546C37.8921 56.2666 37.9242 56.2546 37.9542 56.2727C38.4392 56.4896 38.996 56.4772 39.4707 56.2387C39.5027 56.2247 39.5388 56.2387 39.5708 56.2166L55.5976 48.2031C56.2768 47.8638 56.7058 47.1695 56.7055 46.4101V2.33648C56.7062 1.23002 55.8096 0.332623 54.7032 0.332153ZM18.642 45.108L4.61851 51.3403V11.6521L18.642 5.41957V45.108ZM36.6722 51.3403L22.6487 45.108V5.41957L36.6722 11.6519V51.3403ZM52.6989 45.1721L40.6788 51.1821V11.5879L52.6989 5.5778V45.1721Z\" fill=\"#AFBDC4\"><\/path><\/svg>\t\t\t\t<\/a>\n\t\t\t<\/div>\n\t\t\t\n\t\t\t\t\t\t<div class=\"elementor-icon-box-content\">\n\n\t\t\t\t\t\t\t\t\t<h3 class=\"elementor-icon-box-title\">\n\t\t\t\t\t\t<a href=\"https:\/\/www.skilysa.sk\/mapa-strediska\/?lang=en\" >\n\t\t\t\t\t\t\tResort map\t\t\t\t\t\t<\/a>\n\t\t\t\t\t<\/h3>\n\t\t\t\t\n\t\t\t\t\t\t\t\t\t<p class=\"elementor-icon-box-description\">\n\t\t\t\t\t\tSee lifts, slopes, tracks and much more that we are preparing for you.\t\t\t\t\t<\/p>\n\t\t\t\t\n\t\t\t<\/div>\n\t\t\t\n\t\t<\/div>\n\t\t\t\t\t\t<\/div>\n\t\t\t\t\t<\/div>\n\t\t<\/div>\n\t\t\t\t\t<\/div>\n\t\t<\/section>\n\t\t\t\t<section class=\"elementor-section elementor-inner-section elementor-element elementor-element-326455bd elementor-section-boxed elementor-section-height-default elementor-section-height-default\" data-id=\"326455bd\" data-element_type=\"section\" data-e-type=\"section\" data-settings=\"{&quot;background_background&quot;:&quot;classic&quot;}\">\n\t\t\t\t\t\t<div class=\"elementor-container elementor-column-gap-default\">\n\t\t\t\t\t<div class=\"elementor-column elementor-col-100 elementor-inner-column elementor-element elementor-element-787d4a26\" data-id=\"787d4a26\" data-element_type=\"column\" data-e-type=\"column\">\n\t\t\t<div class=\"elementor-widget-wrap elementor-element-populated\">\n\t\t\t\t\t\t<div class=\"elementor-element elementor-element-7b184500 elementor-position-inline-end elementor-view-default elementor-mobile-position-block-start elementor-widget elementor-widget-icon-box\" data-id=\"7b184500\" data-element_type=\"widget\" data-e-type=\"widget\" data-widget_type=\"icon-box.default\">\n\t\t\t\t\t\t\t<div class=\"elementor-icon-box-wrapper\">\n\n\t\t\t\t\t\t<div class=\"elementor-icon-box-icon\">\n\t\t\t\t<a href=\"https:\/\/www.kukaj.se\/sa\/kamera\/lysa-parkovisko-horska-sluzba\/\" target=\"_blank\" class=\"elementor-icon\" tabindex=\"-1\" aria-label=\"Live cam\">\n\t\t\t\t<svg xmlns=\"http:\/\/www.w3.org\/2000\/svg\" width=\"57\" height=\"48\" viewBox=\"0 0 57 48\" fill=\"none\"><path fill-rule=\"evenodd\" clip-rule=\"evenodd\" d=\"M10.8723 5.79412L10.4004 4.15399H52.3802V23.9867H33.953H16.1065L15.3374 21.3136C15.3128 21.1766 15.2744 21.0444 15.2237 20.9184L10.9536 6.07695C10.9333 5.97994 10.906 5.88549 10.8723 5.79412ZM52.5052 28.0469H35.9831V35.574C35.9831 36.5141 36.7295 37.2606 37.6697 37.2606H52.5364V32.7318C52.5364 31.6106 53.4453 30.7017 54.5665 30.7017C55.6877 30.7017 56.5966 31.6106 56.5966 32.7318V39.2867C56.5966 39.288 56.5966 39.2893 56.5966 39.2907C56.5966 39.292 56.5966 39.2933 56.5966 39.2947V45.8495C56.5966 46.9707 55.6877 47.8796 54.5665 47.8796C53.4453 47.8796 52.5364 46.9707 52.5364 45.8495V41.3208H37.6697C34.4871 41.3208 31.9229 38.7565 31.9229 35.574V28.0469H16.0255C14.2728 28.0469 12.749 26.886 12.2424 25.2396L12.2372 25.2226L12.2318 25.2039L11.8007 23.7056H2.09573C0.974528 23.7056 0.0656128 22.7967 0.0656128 21.6755V6.49643C0.0656128 5.37523 0.974528 4.46631 2.09573 4.46631H6.3246C6.07212 2.19601 7.83463 0.09375 10.2474 0.09375H52.5052C54.6883 0.09375 56.4405 1.84594 56.4405 4.02906V24.1116C56.4405 26.2947 54.6883 28.0469 52.5052 28.0469ZM10.6325 19.6454L7.43347 8.52655H4.12585V19.6454H10.6325Z\" fill=\"#B0BEC5\"><\/path><\/svg>\t\t\t\t<\/a>\n\t\t\t<\/div>\n\t\t\t\n\t\t\t\t\t\t<div class=\"elementor-icon-box-content\">\n\n\t\t\t\t\t\t\t\t\t<h3 class=\"elementor-icon-box-title\">\n\t\t\t\t\t\t<a href=\"https:\/\/www.kukaj.se\/sa\/kamera\/lysa-parkovisko-horska-sluzba\/\" target=\"_blank\" >\n\t\t\t\t\t\t\tLive cam\t\t\t\t\t\t<\/a>\n\t\t\t\t\t<\/h3>\n\t\t\t\t\n\t\t\t\t\t\t\t\t\t<p class=\"elementor-icon-box-description\">\n\t\t\t\t\t\tCheck out what it's like with live broadcasts.\t\t\t\t\t<\/p>\n\t\t\t\t\n\t\t\t<\/div>\n\t\t\t\n\t\t<\/div>\n\t\t\t\t\t\t<\/div>\n\t\t\t\t\t<\/div>\n\t\t<\/div>\n\t\t\t\t\t<\/div>\n\t\t<\/section>\n\t\t\t\t\t<\/div>\n\t\t<\/div>\n\t\t\t\t\t<\/div>\n\t\t<\/section>\n\t\t\t\t<\/div>\n\t\t","protected":false},"excerpt":{"rendered":"<p>SKI LYS\u00c1 3&#176;C Slab\u00fd d\u00e1\u017e\u010f streda 91.1562% 09:52 Min: 1&#176;C 989 15:10 Max: 2&#176;C N 4 m\/s \u0161tvrtok 2&#176;C 1&#176;C piatok 1&#176;C -0&#176;C sobota 1&#176;C -1&#176;C nede\u013ea 4&#176;C 0&#176;C Resort map See lifts, slopes, tracks and much more that we are preparing for you. Live cam Check out what it&#8217;s like with live broadcasts.<\/p>\n","protected":false},"author":1,"featured_media":2427,"parent":0,"menu_order":0,"comment_status":"closed","ping_status":"closed","template":"","meta":{"footnotes":""},"class_list":["post-2500","page","type-page","status-publish","has-post-thumbnail","hentry"],"yoast_head":"<!-- This site is optimized with the Yoast SEO plugin v26.8 - https:\/\/yoast.com\/product\/yoast-seo-wordpress\/ -->\n<title>Weather | SKI LYS\u00c1 | Current weather and forecast for the next days<\/title>\n<meta name=\"description\" content=\"Check out the current weather in SKI LYS\u00c1 today and the coming days. We recommend that you also watch the live camera before visiting.\" \/>\n<meta name=\"robots\" content=\"index, follow, max-snippet:-1, max-image-preview:large, max-video-preview:-1\" \/>\n<link rel=\"canonical\" href=\"https:\/\/www.skilysa.sk\/pocasie\/\" \/>\n<meta property=\"og:locale\" content=\"en_US\" \/>\n<meta property=\"og:type\" content=\"article\" \/>\n<meta property=\"og:title\" content=\"Weather | SKI LYS\u00c1 | Current weather and forecast for the next days\" \/>\n<meta property=\"og:description\" content=\"Check out the current weather in SKI LYS\u00c1 today and the coming days. We recommend that you also watch the live camera before visiting.\" \/>\n<meta property=\"og:url\" content=\"https:\/\/www.skilysa.sk\/pocasie\/\" \/>\n<meta property=\"og:site_name\" content=\"SKI LYS\u00c1\" \/>\n<meta property=\"article:modified_time\" content=\"2020-12-30T14:26:52+00:00\" \/>\n<meta property=\"og:image\" content=\"https:\/\/www.skilysa.sk\/wp-content\/uploads\/2020\/12\/shutterstock_7314221531.jpg\" \/>\n\t<meta property=\"og:image:width\" content=\"1200\" \/>\n\t<meta property=\"og:image:height\" content=\"757\" \/>\n\t<meta property=\"og:image:type\" content=\"image\/jpeg\" \/>\n<meta name=\"twitter:card\" content=\"summary_large_image\" \/>\n<script type=\"application\/ld+json\" class=\"yoast-schema-graph\">{\"@context\":\"https:\/\/schema.org\",\"@graph\":[{\"@type\":\"WebPage\",\"@id\":\"https:\/\/www.skilysa.sk\/pocasie\/\",\"url\":\"https:\/\/www.skilysa.sk\/pocasie\/\",\"name\":\"Weather | SKI LYS\u00c1 | Current weather and forecast for the next days\",\"isPartOf\":{\"@id\":\"https:\/\/www.skilysa.sk\/#website\"},\"primaryImageOfPage\":{\"@id\":\"https:\/\/www.skilysa.sk\/pocasie\/#primaryimage\"},\"image\":{\"@id\":\"https:\/\/www.skilysa.sk\/pocasie\/#primaryimage\"},\"thumbnailUrl\":\"https:\/\/www.skilysa.sk\/wp-content\/uploads\/2020\/12\/shutterstock_7314221531.jpg\",\"datePublished\":\"2020-12-30T14:26:51+00:00\",\"dateModified\":\"2020-12-30T14:26:52+00:00\",\"description\":\"Check out the current weather in SKI LYS\u00c1 today and the coming days. We recommend that you also watch the live camera before visiting.\",\"breadcrumb\":{\"@id\":\"https:\/\/www.skilysa.sk\/pocasie\/#breadcrumb\"},\"inLanguage\":\"en-US\",\"potentialAction\":[{\"@type\":\"ReadAction\",\"target\":[\"https:\/\/www.skilysa.sk\/pocasie\/\"]}]},{\"@type\":\"ImageObject\",\"inLanguage\":\"en-US\",\"@id\":\"https:\/\/www.skilysa.sk\/pocasie\/#primaryimage\",\"url\":\"https:\/\/www.skilysa.sk\/wp-content\/uploads\/2020\/12\/shutterstock_7314221531.jpg\",\"contentUrl\":\"https:\/\/www.skilysa.sk\/wp-content\/uploads\/2020\/12\/shutterstock_7314221531.jpg\",\"width\":1200,\"height\":757},{\"@type\":\"BreadcrumbList\",\"@id\":\"https:\/\/www.skilysa.sk\/pocasie\/#breadcrumb\",\"itemListElement\":[{\"@type\":\"ListItem\",\"position\":1,\"name\":\"Domovsk\u00e1 str\u00e1nka\",\"item\":\"https:\/\/www.skilysa.sk\/\"},{\"@type\":\"ListItem\",\"position\":2,\"name\":\"Weather\"}]},{\"@type\":\"WebSite\",\"@id\":\"https:\/\/www.skilysa.sk\/#website\",\"url\":\"https:\/\/www.skilysa.sk\/\",\"name\":\"SKI LYS\u00c1\",\"description\":\"Tvoje celoro\u010dn\u00e9 stredisko\",\"potentialAction\":[{\"@type\":\"SearchAction\",\"target\":{\"@type\":\"EntryPoint\",\"urlTemplate\":\"https:\/\/www.skilysa.sk\/?s={search_term_string}\"},\"query-input\":{\"@type\":\"PropertyValueSpecification\",\"valueRequired\":true,\"valueName\":\"search_term_string\"}}],\"inLanguage\":\"en-US\"}]}<\/script>\n<!-- \/ Yoast SEO plugin. -->","yoast_head_json":{"title":"Weather | SKI LYS\u00c1 | Current weather and forecast for the next days","description":"Check out the current weather in SKI LYS\u00c1 today and the coming days. We recommend that you also watch the live camera before visiting.","robots":{"index":"index","follow":"follow","max-snippet":"max-snippet:-1","max-image-preview":"max-image-preview:large","max-video-preview":"max-video-preview:-1"},"canonical":"https:\/\/www.skilysa.sk\/pocasie\/","og_locale":"en_US","og_type":"article","og_title":"Weather | SKI LYS\u00c1 | Current weather and forecast for the next days","og_description":"Check out the current weather in SKI LYS\u00c1 today and the coming days. We recommend that you also watch the live camera before visiting.","og_url":"https:\/\/www.skilysa.sk\/pocasie\/","og_site_name":"SKI LYS\u00c1","article_modified_time":"2020-12-30T14:26:52+00:00","og_image":[{"width":1200,"height":757,"url":"https:\/\/www.skilysa.sk\/wp-content\/uploads\/2020\/12\/shutterstock_7314221531.jpg","type":"image\/jpeg"}],"twitter_card":"summary_large_image","schema":{"@context":"https:\/\/schema.org","@graph":[{"@type":"WebPage","@id":"https:\/\/www.skilysa.sk\/pocasie\/","url":"https:\/\/www.skilysa.sk\/pocasie\/","name":"Weather | SKI LYS\u00c1 | Current weather and forecast for the next days","isPartOf":{"@id":"https:\/\/www.skilysa.sk\/#website"},"primaryImageOfPage":{"@id":"https:\/\/www.skilysa.sk\/pocasie\/#primaryimage"},"image":{"@id":"https:\/\/www.skilysa.sk\/pocasie\/#primaryimage"},"thumbnailUrl":"https:\/\/www.skilysa.sk\/wp-content\/uploads\/2020\/12\/shutterstock_7314221531.jpg","datePublished":"2020-12-30T14:26:51+00:00","dateModified":"2020-12-30T14:26:52+00:00","description":"Check out the current weather in SKI LYS\u00c1 today and the coming days. We recommend that you also watch the live camera before visiting.","breadcrumb":{"@id":"https:\/\/www.skilysa.sk\/pocasie\/#breadcrumb"},"inLanguage":"en-US","potentialAction":[{"@type":"ReadAction","target":["https:\/\/www.skilysa.sk\/pocasie\/"]}]},{"@type":"ImageObject","inLanguage":"en-US","@id":"https:\/\/www.skilysa.sk\/pocasie\/#primaryimage","url":"https:\/\/www.skilysa.sk\/wp-content\/uploads\/2020\/12\/shutterstock_7314221531.jpg","contentUrl":"https:\/\/www.skilysa.sk\/wp-content\/uploads\/2020\/12\/shutterstock_7314221531.jpg","width":1200,"height":757},{"@type":"BreadcrumbList","@id":"https:\/\/www.skilysa.sk\/pocasie\/#breadcrumb","itemListElement":[{"@type":"ListItem","position":1,"name":"Domovsk\u00e1 str\u00e1nka","item":"https:\/\/www.skilysa.sk\/"},{"@type":"ListItem","position":2,"name":"Weather"}]},{"@type":"WebSite","@id":"https:\/\/www.skilysa.sk\/#website","url":"https:\/\/www.skilysa.sk\/","name":"SKI LYS\u00c1","description":"Tvoje celoro\u010dn\u00e9 stredisko","potentialAction":[{"@type":"SearchAction","target":{"@type":"EntryPoint","urlTemplate":"https:\/\/www.skilysa.sk\/?s={search_term_string}"},"query-input":{"@type":"PropertyValueSpecification","valueRequired":true,"valueName":"search_term_string"}}],"inLanguage":"en-US"}]}},"_links":{"self":[{"href":"https:\/\/www.skilysa.sk\/en\/wp-json\/wp\/v2\/pages\/2500","targetHints":{"allow":["GET"]}}],"collection":[{"href":"https:\/\/www.skilysa.sk\/en\/wp-json\/wp\/v2\/pages"}],"about":[{"href":"https:\/\/www.skilysa.sk\/en\/wp-json\/wp\/v2\/types\/page"}],"author":[{"embeddable":true,"href":"https:\/\/www.skilysa.sk\/en\/wp-json\/wp\/v2\/users\/1"}],"replies":[{"embeddable":true,"href":"https:\/\/www.skilysa.sk\/en\/wp-json\/wp\/v2\/comments?post=2500"}],"version-history":[{"count":1,"href":"https:\/\/www.skilysa.sk\/en\/wp-json\/wp\/v2\/pages\/2500\/revisions"}],"predecessor-version":[{"id":2501,"href":"https:\/\/www.skilysa.sk\/en\/wp-json\/wp\/v2\/pages\/2500\/revisions\/2501"}],"wp:featuredmedia":[{"embeddable":true,"href":"https:\/\/www.skilysa.sk\/en\/wp-json\/wp\/v2\/media\/2427"}],"wp:attachment":[{"href":"https:\/\/www.skilysa.sk\/en\/wp-json\/wp\/v2\/media?parent=2500"}],"curies":[{"name":"wp","href":"https:\/\/api.w.org\/{rel}","templated":true}]}}