{"id":2495,"date":"2020-12-30T15:25:19","date_gmt":"2020-12-30T14:25:19","guid":{"rendered":"https:\/\/www.skilysa.sk\/contacts\/"},"modified":"2021-02-16T10:35:32","modified_gmt":"2021-02-16T09:35:32","slug":"contacts","status":"publish","type":"page","link":"https:\/\/www.skilysa.sk\/en\/contacts\/","title":{"rendered":"Contacts"},"content":{"rendered":"\t\t<div data-elementor-type=\"wp-page\" data-elementor-id=\"2495\" class=\"elementor elementor-2495 elementor-34\" data-elementor-post-type=\"page\">\n\t\t\t\t\t\t<section class=\"elementor-section elementor-top-section elementor-element elementor-element-5474661c elementor-section-content-middle elementor-section-boxed elementor-section-height-default elementor-section-height-default\" data-id=\"5474661c\" data-element_type=\"section\" data-e-type=\"section\">\n\t\t\t\t\t\t<div class=\"elementor-container elementor-column-gap-default\">\n\t\t\t\t\t<div class=\"elementor-column elementor-col-50 elementor-top-column elementor-element elementor-element-278ca162\" data-id=\"278ca162\" data-element_type=\"column\" data-e-type=\"column\" data-settings=\"{&quot;background_background&quot;:&quot;classic&quot;}\">\n\t\t\t<div class=\"elementor-widget-wrap elementor-element-populated\">\n\t\t\t\t\t\t<div class=\"elementor-element elementor-element-be9563d elementor-widget elementor-widget-heading\" data-id=\"be9563d\" data-element_type=\"widget\" data-e-type=\"widget\" data-widget_type=\"heading.default\">\n\t\t\t\t\t<h3 class=\"elementor-heading-title elementor-size-default\">INFOLINE<\/h3>\t\t\t\t<\/div>\n\t\t\t\t<div class=\"elementor-element elementor-element-6984ea5 elementor-widget elementor-widget-heading\" data-id=\"6984ea5\" data-element_type=\"widget\" data-e-type=\"widget\" data-widget_type=\"heading.default\">\n\t\t\t\t\t<p class=\"elementor-heading-title elementor-size-default\">E-MAIL<\/p>\t\t\t\t<\/div>\n\t\t\t\t<div class=\"elementor-element elementor-element-9f7df89 elementor-widget elementor-widget-heading\" data-id=\"9f7df89\" data-element_type=\"widget\" data-e-type=\"widget\" data-widget_type=\"heading.default\">\n\t\t\t\t\t<p class=\"elementor-heading-title elementor-size-default\"><a href=\"mailto:info@skilysa.sk\">info@skilysa.sk<\/a><\/p>\t\t\t\t<\/div>\n\t\t\t\t<div class=\"elementor-element elementor-element-98ae537 elementor-widget elementor-widget-heading\" data-id=\"98ae537\" data-element_type=\"widget\" data-e-type=\"widget\" data-widget_type=\"heading.default\">\n\t\t\t\t\t<p class=\"elementor-heading-title elementor-size-default\">PHONE<\/p>\t\t\t\t<\/div>\n\t\t\t\t<div class=\"elementor-element elementor-element-0d340e3 elementor-widget elementor-widget-heading\" data-id=\"0d340e3\" data-element_type=\"widget\" data-e-type=\"widget\" data-widget_type=\"heading.default\">\n\t\t\t\t\t<p class=\"elementor-heading-title elementor-size-default\"><a href=\"\">0907 357 216<\/a><\/p>\t\t\t\t<\/div>\n\t\t\t\t<div class=\"elementor-element elementor-element-409f6826 elementor-widget elementor-widget-heading\" data-id=\"409f6826\" data-element_type=\"widget\" data-e-type=\"widget\" data-widget_type=\"heading.default\">\n\t\t\t\t\t<h3 class=\"elementor-heading-title elementor-size-default\">MANAGEMENT<\/h3>\t\t\t\t<\/div>\n\t\t\t\t<div class=\"elementor-element elementor-element-617d3ed3 elementor-widget elementor-widget-heading\" data-id=\"617d3ed3\" data-element_type=\"widget\" data-e-type=\"widget\" data-widget_type=\"heading.default\">\n\t\t\t\t\t<p class=\"elementor-heading-title elementor-size-default\">E-MAIL<\/p>\t\t\t\t<\/div>\n\t\t\t\t<div class=\"elementor-element elementor-element-22389aae elementor-widget elementor-widget-heading\" data-id=\"22389aae\" data-element_type=\"widget\" data-e-type=\"widget\" data-widget_type=\"heading.default\">\n\t\t\t\t\t<p class=\"elementor-heading-title elementor-size-default\"><a href=\"mailto:vedenie@skilysa.sk\">vedenie@skilysa.sk<\/a><\/p>\t\t\t\t<\/div>\n\t\t\t\t<div class=\"elementor-element elementor-element-6308f79 elementor-widget elementor-widget-heading\" data-id=\"6308f79\" data-element_type=\"widget\" data-e-type=\"widget\" data-widget_type=\"heading.default\">\n\t\t\t\t\t<h3 class=\"elementor-heading-title elementor-size-default\">Marketing<\/h3>\t\t\t\t<\/div>\n\t\t\t\t<div class=\"elementor-element elementor-element-8854fcb elementor-widget elementor-widget-heading\" data-id=\"8854fcb\" data-element_type=\"widget\" data-e-type=\"widget\" data-widget_type=\"heading.default\">\n\t\t\t\t\t<p class=\"elementor-heading-title elementor-size-default\">E-MAIL<\/p>\t\t\t\t<\/div>\n\t\t\t\t<div class=\"elementor-element elementor-element-56ebd5c elementor-widget elementor-widget-heading\" data-id=\"56ebd5c\" data-element_type=\"widget\" data-e-type=\"widget\" data-widget_type=\"heading.default\">\n\t\t\t\t\t<p class=\"elementor-heading-title elementor-size-default\"><a href=\"mailto:eshop@skilysa.sk\">marketing@skilysa.sk<\/a><\/p>\t\t\t\t<\/div>\n\t\t\t\t<div class=\"elementor-element elementor-element-3ed10d3 elementor-widget elementor-widget-heading\" data-id=\"3ed10d3\" data-element_type=\"widget\" data-e-type=\"widget\" data-widget_type=\"heading.default\">\n\t\t\t\t\t<h3 class=\"elementor-heading-title elementor-size-default\">E-shop<\/h3>\t\t\t\t<\/div>\n\t\t\t\t<div class=\"elementor-element elementor-element-c284715 elementor-widget elementor-widget-heading\" data-id=\"c284715\" data-element_type=\"widget\" data-e-type=\"widget\" data-widget_type=\"heading.default\">\n\t\t\t\t\t<p class=\"elementor-heading-title elementor-size-default\">E-MAIL<\/p>\t\t\t\t<\/div>\n\t\t\t\t<div class=\"elementor-element elementor-element-0bc2432 elementor-widget elementor-widget-heading\" data-id=\"0bc2432\" data-element_type=\"widget\" data-e-type=\"widget\" data-widget_type=\"heading.default\">\n\t\t\t\t\t<p class=\"elementor-heading-title elementor-size-default\"><a href=\"mailto:eshop@skilysa.sk\">eshop@skilysa.sk<\/a><\/p>\t\t\t\t<\/div>\n\t\t\t\t\t<\/div>\n\t\t<\/div>\n\t\t\t\t<div class=\"elementor-column elementor-col-50 elementor-top-column elementor-element elementor-element-66a4914a\" data-id=\"66a4914a\" data-element_type=\"column\" data-e-type=\"column\" data-settings=\"{&quot;background_background&quot;:&quot;classic&quot;}\">\n\t\t\t<div class=\"elementor-widget-wrap elementor-element-populated\">\n\t\t\t\t\t\t<div class=\"elementor-element elementor-element-db6d1f8 elementor-widget elementor-widget-heading\" data-id=\"db6d1f8\" data-element_type=\"widget\" data-e-type=\"widget\" data-widget_type=\"heading.default\">\n\t\t\t\t\t<h3 class=\"elementor-heading-title elementor-size-default\">Address<\/h3>\t\t\t\t<\/div>\n\t\t\t\t<div class=\"elementor-element elementor-element-3565bba elementor-widget elementor-widget-heading\" data-id=\"3565bba\" data-element_type=\"widget\" data-e-type=\"widget\" data-widget_type=\"heading.default\">\n\t\t\t\t\t<p class=\"elementor-heading-title elementor-size-default\">Drienica 503<br>080 01 Drienica<\/p>\t\t\t\t<\/div>\n\t\t\t\t<div class=\"elementor-element elementor-element-dcd2521 elementor-widget elementor-widget-heading\" data-id=\"dcd2521\" data-element_type=\"widget\" data-e-type=\"widget\" data-widget_type=\"heading.default\">\n\t\t\t\t\t<p class=\"elementor-heading-title elementor-size-default\">GPS<\/p>\t\t\t\t<\/div>\n\t\t\t\t<div class=\"elementor-element elementor-element-024f708 elementor-widget elementor-widget-heading\" data-id=\"024f708\" data-element_type=\"widget\" data-e-type=\"widget\" data-widget_type=\"heading.default\">\n\t\t\t\t\t<p class=\"elementor-heading-title elementor-size-default\">49\u00b009\u201908.3\u2033N <br>21\u00b007\u201919.5\u2033E<\/p>\t\t\t\t<\/div>\n\t\t\t\t<div class=\"elementor-element elementor-element-af4621f elementor-align-center elementor-widget elementor-widget-button\" data-id=\"af4621f\" data-element_type=\"widget\" data-e-type=\"widget\" data-widget_type=\"button.default\">\n\t\t\t\t\t\t\t\t\t\t<a class=\"elementor-button elementor-button-link elementor-size-sm\" href=\"https:\/\/www.google.com\/maps\/place\/lysa-ski.sk\/@49.163928,21.1338637,15z\/data=!4m2!3m1!1s0x0:0xb2f411f780af40c0?sa=X&#038;ved=2ahUKEwju__uTm6rtAhXn1uAKHYsNAS4Q_BIwE3oECBUQBQ\" target=\"_blank\">\n\t\t\t\t\t\t<span class=\"elementor-button-content-wrapper\">\n\t\t\t\t\t\t\t\t\t<span class=\"elementor-button-text\">SEE GOOGLE MAPS<\/span>\n\t\t\t\t\t<\/span>\n\t\t\t\t\t<\/a>\n\t\t\t\t\t\t\t\t<\/div>\n\t\t\t\t<div class=\"elementor-element elementor-element-98e638d elementor-widget elementor-widget-heading\" data-id=\"98e638d\" data-element_type=\"widget\" data-e-type=\"widget\" data-widget_type=\"heading.default\">\n\t\t\t\t\t<h3 class=\"elementor-heading-title elementor-size-default\">BILLING INFORMATION<\/h3>\t\t\t\t<\/div>\n\t\t\t\t<div class=\"elementor-element elementor-element-7bc0dfd elementor-widget elementor-widget-spacer\" data-id=\"7bc0dfd\" data-element_type=\"widget\" data-e-type=\"widget\" data-widget_type=\"spacer.default\">\n\t\t\t\t\t\t\t<div class=\"elementor-spacer\">\n\t\t\t<div class=\"elementor-spacer-inner\"><\/div>\n\t\t<\/div>\n\t\t\t\t\t\t<\/div>\n\t\t\t\t<div class=\"elementor-element elementor-element-5a5e36c elementor-widget elementor-widget-heading\" data-id=\"5a5e36c\" data-element_type=\"widget\" data-e-type=\"widget\" data-widget_type=\"heading.default\">\n\t\t\t\t\t<p class=\"elementor-heading-title elementor-size-default\"> SPORTxLysa, s. r. o.<br> Budovate\u013esk\u00e1 34<br> 080 01 Pre\u0161ov<\/p>\t\t\t\t<\/div>\n\t\t\t\t<div class=\"elementor-element elementor-element-e25ecf0 elementor-widget elementor-widget-text-editor\" data-id=\"e25ecf0\" data-element_type=\"widget\" data-e-type=\"widget\" data-widget_type=\"text-editor.default\">\n\t\t\t\t\t\t\t\t\t<p><strong>Business ID:<\/strong>\u00a052705153<br \/>\n<strong>Tax ID:<\/strong>\u00a02121110167<br \/>\n<strong>VAT:<\/strong>\u00a0SK2121110167<\/p>\n\t\t\t\t\t\t\t\t<\/div>\n\t\t\t\t<div class=\"elementor-element elementor-element-1a3bf0e elementor-widget elementor-widget-heading\" data-id=\"1a3bf0e\" data-element_type=\"widget\" data-e-type=\"widget\" data-widget_type=\"heading.default\">\n\t\t\t\t\t<p class=\"elementor-heading-title elementor-size-default\">E-MAIL<\/p>\t\t\t\t<\/div>\n\t\t\t\t<div class=\"elementor-element elementor-element-6b3ede9 elementor-widget elementor-widget-heading\" data-id=\"6b3ede9\" data-element_type=\"widget\" data-e-type=\"widget\" data-widget_type=\"heading.default\">\n\t\t\t\t\t<p class=\"elementor-heading-title elementor-size-default\"><a href=\"mailto:faktury@skilysa.sk\">faktury@skilysa.sk<\/a><\/p>\t\t\t\t<\/div>\n\t\t\t\t\t<\/div>\n\t\t<\/div>\n\t\t\t\t\t<\/div>\n\t\t<\/section>\n\t\t\t\t<\/div>\n\t\t","protected":false},"excerpt":{"rendered":"<p>INFOLINE E-MAIL info@skilysa.sk PHONE 0907 357 216 MANAGEMENT E-MAIL vedenie@skilysa.sk Marketing E-MAIL marketing@skilysa.sk E-shop E-MAIL eshop@skilysa.sk Address Drienica 503080 01 Drienica GPS 49\u00b009\u201908.3\u2033N 21\u00b007\u201919.5\u2033E SEE GOOGLE MAPS BILLING INFORMATION SPORTxLysa, s. r. o. Budovate\u013esk\u00e1 34 080 01 Pre\u0161ov Business ID:\u00a052705153 Tax ID:\u00a02121110167 VAT:\u00a0SK2121110167 E-MAIL faktury@skilysa.sk<\/p>\n","protected":false},"author":1,"featured_media":2497,"parent":0,"menu_order":0,"comment_status":"closed","ping_status":"closed","template":"","meta":{"footnotes":""},"class_list":["post-2495","page","type-page","status-publish","has-post-thumbnail","hentry"],"yoast_head":"<!-- This site is optimized with the Yoast SEO plugin v26.8 - https:\/\/yoast.com\/product\/yoast-seo-wordpress\/ -->\n<title>Contacts | SKI LYS\u00c1 | info@skilysa.sk | 0907 357 216<\/title>\n<meta name=\"description\" content=\"If you have any questions about our SKI LYS\u00c1 center, do not hesitate to contact us on tel. number 0907 357 216 or by e-mail info@skilysa.sk\" \/>\n<meta name=\"robots\" content=\"index, follow, max-snippet:-1, max-image-preview:large, max-video-preview:-1\" \/>\n<link rel=\"canonical\" href=\"https:\/\/www.skilysa.sk\/kontakt\/\" \/>\n<meta property=\"og:locale\" content=\"en_US\" \/>\n<meta property=\"og:type\" content=\"article\" \/>\n<meta property=\"og:title\" content=\"Contacts | SKI LYS\u00c1 | info@skilysa.sk | 0907 357 216\" \/>\n<meta property=\"og:description\" content=\"If you have any questions about our SKI LYS\u00c1 center, do not hesitate to contact us on tel. number 0907 357 216 or by e-mail info@skilysa.sk\" \/>\n<meta property=\"og:url\" content=\"https:\/\/www.skilysa.sk\/kontakt\/\" \/>\n<meta property=\"og:site_name\" content=\"SKI LYS\u00c1\" \/>\n<meta property=\"article:modified_time\" content=\"2021-02-16T09:35:32+00:00\" \/>\n<meta property=\"og:image\" content=\"https:\/\/www.skilysa.sk\/wp-content\/uploads\/2020\/12\/IMG-de306d71cf14219294d27523ce8d1e92-V-2.jpg\" \/>\n\t<meta property=\"og:image:width\" content=\"1200\" \/>\n\t<meta property=\"og:image:height\" content=\"937\" \/>\n\t<meta property=\"og:image:type\" content=\"image\/jpeg\" \/>\n<meta name=\"twitter:card\" content=\"summary_large_image\" \/>\n<script type=\"application\/ld+json\" class=\"yoast-schema-graph\">{\"@context\":\"https:\/\/schema.org\",\"@graph\":[{\"@type\":\"WebPage\",\"@id\":\"https:\/\/www.skilysa.sk\/kontakt\/\",\"url\":\"https:\/\/www.skilysa.sk\/kontakt\/\",\"name\":\"Contacts | SKI LYS\u00c1 | info@skilysa.sk | 0907 357 216\",\"isPartOf\":{\"@id\":\"https:\/\/www.skilysa.sk\/#website\"},\"primaryImageOfPage\":{\"@id\":\"https:\/\/www.skilysa.sk\/kontakt\/#primaryimage\"},\"image\":{\"@id\":\"https:\/\/www.skilysa.sk\/kontakt\/#primaryimage\"},\"thumbnailUrl\":\"https:\/\/www.skilysa.sk\/wp-content\/uploads\/2020\/12\/IMG-de306d71cf14219294d27523ce8d1e92-V-2.jpg\",\"datePublished\":\"2020-12-30T14:25:19+00:00\",\"dateModified\":\"2021-02-16T09:35:32+00:00\",\"description\":\"If you have any questions about our SKI LYS\u00c1 center, do not hesitate to contact us on tel. number 0907 357 216 or by e-mail info@skilysa.sk\",\"breadcrumb\":{\"@id\":\"https:\/\/www.skilysa.sk\/kontakt\/#breadcrumb\"},\"inLanguage\":\"en-US\",\"potentialAction\":[{\"@type\":\"ReadAction\",\"target\":[\"https:\/\/www.skilysa.sk\/kontakt\/\"]}]},{\"@type\":\"ImageObject\",\"inLanguage\":\"en-US\",\"@id\":\"https:\/\/www.skilysa.sk\/kontakt\/#primaryimage\",\"url\":\"https:\/\/www.skilysa.sk\/wp-content\/uploads\/2020\/12\/IMG-de306d71cf14219294d27523ce8d1e92-V-2.jpg\",\"contentUrl\":\"https:\/\/www.skilysa.sk\/wp-content\/uploads\/2020\/12\/IMG-de306d71cf14219294d27523ce8d1e92-V-2.jpg\",\"width\":1200,\"height\":937},{\"@type\":\"BreadcrumbList\",\"@id\":\"https:\/\/www.skilysa.sk\/kontakt\/#breadcrumb\",\"itemListElement\":[{\"@type\":\"ListItem\",\"position\":1,\"name\":\"Domovsk\u00e1 str\u00e1nka\",\"item\":\"https:\/\/www.skilysa.sk\/\"},{\"@type\":\"ListItem\",\"position\":2,\"name\":\"Contacts\"}]},{\"@type\":\"WebSite\",\"@id\":\"https:\/\/www.skilysa.sk\/#website\",\"url\":\"https:\/\/www.skilysa.sk\/\",\"name\":\"SKI LYS\u00c1\",\"description\":\"Tvoje celoro\u010dn\u00e9 stredisko\",\"potentialAction\":[{\"@type\":\"SearchAction\",\"target\":{\"@type\":\"EntryPoint\",\"urlTemplate\":\"https:\/\/www.skilysa.sk\/?s={search_term_string}\"},\"query-input\":{\"@type\":\"PropertyValueSpecification\",\"valueRequired\":true,\"valueName\":\"search_term_string\"}}],\"inLanguage\":\"en-US\"}]}<\/script>\n<!-- \/ Yoast SEO plugin. -->","yoast_head_json":{"title":"Contacts | SKI LYS\u00c1 | info@skilysa.sk | 0907 357 216","description":"If you have any questions about our SKI LYS\u00c1 center, do not hesitate to contact us on tel. number 0907 357 216 or by e-mail info@skilysa.sk","robots":{"index":"index","follow":"follow","max-snippet":"max-snippet:-1","max-image-preview":"max-image-preview:large","max-video-preview":"max-video-preview:-1"},"canonical":"https:\/\/www.skilysa.sk\/kontakt\/","og_locale":"en_US","og_type":"article","og_title":"Contacts | SKI LYS\u00c1 | info@skilysa.sk | 0907 357 216","og_description":"If you have any questions about our SKI LYS\u00c1 center, do not hesitate to contact us on tel. number 0907 357 216 or by e-mail info@skilysa.sk","og_url":"https:\/\/www.skilysa.sk\/kontakt\/","og_site_name":"SKI LYS\u00c1","article_modified_time":"2021-02-16T09:35:32+00:00","og_image":[{"width":1200,"height":937,"url":"https:\/\/www.skilysa.sk\/wp-content\/uploads\/2020\/12\/IMG-de306d71cf14219294d27523ce8d1e92-V-2.jpg","type":"image\/jpeg"}],"twitter_card":"summary_large_image","schema":{"@context":"https:\/\/schema.org","@graph":[{"@type":"WebPage","@id":"https:\/\/www.skilysa.sk\/kontakt\/","url":"https:\/\/www.skilysa.sk\/kontakt\/","name":"Contacts | SKI LYS\u00c1 | info@skilysa.sk | 0907 357 216","isPartOf":{"@id":"https:\/\/www.skilysa.sk\/#website"},"primaryImageOfPage":{"@id":"https:\/\/www.skilysa.sk\/kontakt\/#primaryimage"},"image":{"@id":"https:\/\/www.skilysa.sk\/kontakt\/#primaryimage"},"thumbnailUrl":"https:\/\/www.skilysa.sk\/wp-content\/uploads\/2020\/12\/IMG-de306d71cf14219294d27523ce8d1e92-V-2.jpg","datePublished":"2020-12-30T14:25:19+00:00","dateModified":"2021-02-16T09:35:32+00:00","description":"If you have any questions about our SKI LYS\u00c1 center, do not hesitate to contact us on tel. number 0907 357 216 or by e-mail info@skilysa.sk","breadcrumb":{"@id":"https:\/\/www.skilysa.sk\/kontakt\/#breadcrumb"},"inLanguage":"en-US","potentialAction":[{"@type":"ReadAction","target":["https:\/\/www.skilysa.sk\/kontakt\/"]}]},{"@type":"ImageObject","inLanguage":"en-US","@id":"https:\/\/www.skilysa.sk\/kontakt\/#primaryimage","url":"https:\/\/www.skilysa.sk\/wp-content\/uploads\/2020\/12\/IMG-de306d71cf14219294d27523ce8d1e92-V-2.jpg","contentUrl":"https:\/\/www.skilysa.sk\/wp-content\/uploads\/2020\/12\/IMG-de306d71cf14219294d27523ce8d1e92-V-2.jpg","width":1200,"height":937},{"@type":"BreadcrumbList","@id":"https:\/\/www.skilysa.sk\/kontakt\/#breadcrumb","itemListElement":[{"@type":"ListItem","position":1,"name":"Domovsk\u00e1 str\u00e1nka","item":"https:\/\/www.skilysa.sk\/"},{"@type":"ListItem","position":2,"name":"Contacts"}]},{"@type":"WebSite","@id":"https:\/\/www.skilysa.sk\/#website","url":"https:\/\/www.skilysa.sk\/","name":"SKI LYS\u00c1","description":"Tvoje celoro\u010dn\u00e9 stredisko","potentialAction":[{"@type":"SearchAction","target":{"@type":"EntryPoint","urlTemplate":"https:\/\/www.skilysa.sk\/?s={search_term_string}"},"query-input":{"@type":"PropertyValueSpecification","valueRequired":true,"valueName":"search_term_string"}}],"inLanguage":"en-US"}]}},"_links":{"self":[{"href":"https:\/\/www.skilysa.sk\/en\/wp-json\/wp\/v2\/pages\/2495","targetHints":{"allow":["GET"]}}],"collection":[{"href":"https:\/\/www.skilysa.sk\/en\/wp-json\/wp\/v2\/pages"}],"about":[{"href":"https:\/\/www.skilysa.sk\/en\/wp-json\/wp\/v2\/types\/page"}],"author":[{"embeddable":true,"href":"https:\/\/www.skilysa.sk\/en\/wp-json\/wp\/v2\/users\/1"}],"replies":[{"embeddable":true,"href":"https:\/\/www.skilysa.sk\/en\/wp-json\/wp\/v2\/comments?post=2495"}],"version-history":[{"count":2,"href":"https:\/\/www.skilysa.sk\/en\/wp-json\/wp\/v2\/pages\/2495\/revisions"}],"predecessor-version":[{"id":3309,"href":"https:\/\/www.skilysa.sk\/en\/wp-json\/wp\/v2\/pages\/2495\/revisions\/3309"}],"wp:featuredmedia":[{"embeddable":true,"href":"https:\/\/www.skilysa.sk\/en\/wp-json\/wp\/v2\/media\/2497"}],"wp:attachment":[{"href":"https:\/\/www.skilysa.sk\/en\/wp-json\/wp\/v2\/media?parent=2495"}],"curies":[{"name":"wp","href":"https:\/\/api.w.org\/{rel}","templated":true}]}}