{"id":2493,"date":"2020-12-30T15:22:58","date_gmt":"2020-12-30T14:22:58","guid":{"rendered":"https:\/\/www.skilysa.sk\/accomodation\/"},"modified":"2021-02-16T10:38:09","modified_gmt":"2021-02-16T09:38:09","slug":"accomodation","status":"publish","type":"page","link":"https:\/\/www.skilysa.sk\/en\/accomodation\/","title":{"rendered":"Accomodation"},"content":{"rendered":"\t\t<div data-elementor-type=\"wp-page\" data-elementor-id=\"2493\" class=\"elementor elementor-2493 elementor-18\" data-elementor-post-type=\"page\">\n\t\t\t\t\t\t<section class=\"elementor-section elementor-top-section elementor-element elementor-element-21f03d9 elementor-section-boxed elementor-section-height-default elementor-section-height-default\" data-id=\"21f03d9\" data-element_type=\"section\" data-e-type=\"section\">\n\t\t\t\t\t\t<div class=\"elementor-container elementor-column-gap-default\">\n\t\t\t\t\t<div class=\"elementor-column elementor-col-100 elementor-top-column elementor-element elementor-element-f6280cc\" data-id=\"f6280cc\" data-element_type=\"column\" data-e-type=\"column\">\n\t\t\t<div class=\"elementor-widget-wrap elementor-element-populated\">\n\t\t\t\t\t\t<div class=\"elementor-element elementor-element-58a3b86 elementor-widget elementor-widget-heading\" data-id=\"58a3b86\" data-element_type=\"widget\" data-e-type=\"widget\" data-widget_type=\"heading.default\">\n\t\t\t\t\t<h1 class=\"elementor-heading-title elementor-size-default\">MOUNTAIN HUT \u0160PORT<\/h1>\t\t\t\t<\/div>\n\t\t\t\t\t<\/div>\n\t\t<\/div>\n\t\t\t\t\t<\/div>\n\t\t<\/section>\n\t\t\t\t<section class=\"elementor-section elementor-top-section elementor-element elementor-element-8436c8f elementor-section-boxed elementor-section-height-default elementor-section-height-default\" data-id=\"8436c8f\" data-element_type=\"section\" data-e-type=\"section\">\n\t\t\t\t\t\t<div class=\"elementor-container elementor-column-gap-default\">\n\t\t\t\t\t<div class=\"elementor-column elementor-col-100 elementor-top-column elementor-element elementor-element-903d1d8\" data-id=\"903d1d8\" data-element_type=\"column\" data-e-type=\"column\">\n\t\t\t<div class=\"elementor-widget-wrap elementor-element-populated\">\n\t\t\t\t\t\t<div class=\"elementor-element elementor-element-959883a elementor-widget elementor-widget-heading\" data-id=\"959883a\" data-element_type=\"widget\" data-e-type=\"widget\" data-widget_type=\"heading.default\">\n\t\t\t\t\t<h2 class=\"elementor-heading-title elementor-size-default\">ACCOMODATION RIGHT ON THE SLOPES<\/h2>\t\t\t\t<\/div>\n\t\t\t\t\t<\/div>\n\t\t<\/div>\n\t\t\t\t\t<\/div>\n\t\t<\/section>\n\t\t\t\t<section class=\"elementor-section elementor-top-section elementor-element elementor-element-41c595e6 elementor-section-content-middle elementor-reverse-mobile elementor-section-boxed elementor-section-height-default elementor-section-height-default\" data-id=\"41c595e6\" data-element_type=\"section\" data-e-type=\"section\">\n\t\t\t\t\t\t<div class=\"elementor-container elementor-column-gap-default\">\n\t\t\t\t\t<div class=\"elementor-column elementor-col-50 elementor-top-column elementor-element elementor-element-4b3b83a1\" data-id=\"4b3b83a1\" data-element_type=\"column\" data-e-type=\"column\">\n\t\t\t<div class=\"elementor-widget-wrap elementor-element-populated\">\n\t\t\t\t\t\t<div class=\"elementor-element elementor-element-49113def elementor-widget elementor-widget-text-editor\" data-id=\"49113def\" data-element_type=\"widget\" data-e-type=\"widget\" data-widget_type=\"text-editor.default\">\n\t\t\t\t\t\t\t\t\t<p>The legendary mountain hut \u0160port boasts a long history, a wonderful atmosphere and a unique location right on the slopes. We decided to keep its mountain touch, but we locked up the accommodation in the way of upgrading the interiors. From new carpets, bathrooms to a brand new ski room or social priesthood.<\/p>\n\t\t\t\t\t\t\t\t<\/div>\n\t\t\t\t\t<\/div>\n\t\t<\/div>\n\t\t\t\t<div class=\"elementor-column elementor-col-50 elementor-top-column elementor-element elementor-element-6bc051d6\" data-id=\"6bc051d6\" data-element_type=\"column\" data-e-type=\"column\">\n\t\t\t<div class=\"elementor-widget-wrap elementor-element-populated\">\n\t\t\t\t\t\t<div class=\"elementor-element elementor-element-91c786b elementor-widget elementor-widget-image\" data-id=\"91c786b\" data-element_type=\"widget\" data-e-type=\"widget\" data-widget_type=\"image.default\">\n\t\t\t\t\t\t\t\t\t\t\t\t\t\t\t<img fetchpriority=\"high\" decoding=\"async\" width=\"800\" height=\"800\" src=\"https:\/\/www.skilysa.sk\/wp-content\/uploads\/2020\/11\/o-stredisku-3.jpg\" class=\"attachment-large size-large wp-image-2407\" alt=\"\" srcset=\"https:\/\/www.skilysa.sk\/wp-content\/uploads\/2020\/11\/o-stredisku-3.jpg 999w, https:\/\/www.skilysa.sk\/wp-content\/uploads\/2020\/11\/o-stredisku-3-300x300.jpg 300w, https:\/\/www.skilysa.sk\/wp-content\/uploads\/2020\/11\/o-stredisku-3-150x150.jpg 150w, https:\/\/www.skilysa.sk\/wp-content\/uploads\/2020\/11\/o-stredisku-3-768x768.jpg 768w, https:\/\/www.skilysa.sk\/wp-content\/uploads\/2020\/11\/o-stredisku-3-75x75.jpg 75w, https:\/\/www.skilysa.sk\/wp-content\/uploads\/2020\/11\/o-stredisku-3-750x750.jpg 750w\" sizes=\"(max-width: 800px) 100vw, 800px\" \/>\t\t\t\t\t\t\t\t\t\t\t\t\t\t\t<\/div>\n\t\t\t\t\t<\/div>\n\t\t<\/div>\n\t\t\t\t\t<\/div>\n\t\t<\/section>\n\t\t\t\t<section class=\"elementor-section elementor-top-section elementor-element elementor-element-6e02f76 elementor-section-content-middle elementor-reverse-mobile elementor-section-boxed elementor-section-height-default elementor-section-height-default\" data-id=\"6e02f76\" data-element_type=\"section\" data-e-type=\"section\">\n\t\t\t\t\t\t<div class=\"elementor-container elementor-column-gap-narrow\">\n\t\t\t\t\t<div class=\"elementor-column elementor-col-50 elementor-top-column elementor-element elementor-element-2604773\" data-id=\"2604773\" data-element_type=\"column\" data-e-type=\"column\">\n\t\t\t<div class=\"elementor-widget-wrap elementor-element-populated\">\n\t\t\t\t\t\t<div class=\"elementor-element elementor-element-33e1ea5 elementor-widget elementor-widget-image\" data-id=\"33e1ea5\" data-element_type=\"widget\" data-e-type=\"widget\" data-widget_type=\"image.default\">\n\t\t\t\t\t\t\t\t\t\t\t\t\t\t\t<img decoding=\"async\" width=\"800\" height=\"533\" src=\"https:\/\/www.skilysa.sk\/wp-content\/uploads\/2021\/02\/chata3-1024x682.jpg\" class=\"attachment-large size-large wp-image-3188\" alt=\"\" srcset=\"https:\/\/www.skilysa.sk\/wp-content\/uploads\/2021\/02\/chata3-1024x682.jpg 1024w, https:\/\/www.skilysa.sk\/wp-content\/uploads\/2021\/02\/chata3-300x200.jpg 300w, https:\/\/www.skilysa.sk\/wp-content\/uploads\/2021\/02\/chata3-768x512.jpg 768w, https:\/\/www.skilysa.sk\/wp-content\/uploads\/2021\/02\/chata3-1536x1023.jpg 1536w, https:\/\/www.skilysa.sk\/wp-content\/uploads\/2021\/02\/chata3-2048x1364.jpg 2048w, https:\/\/www.skilysa.sk\/wp-content\/uploads\/2021\/02\/chata3-750x500.jpg 750w, https:\/\/www.skilysa.sk\/wp-content\/uploads\/2021\/02\/chata3-1140x759.jpg 1140w\" sizes=\"(max-width: 800px) 100vw, 800px\" \/>\t\t\t\t\t\t\t\t\t\t\t\t\t\t\t<\/div>\n\t\t\t\t\t<\/div>\n\t\t<\/div>\n\t\t\t\t<div class=\"elementor-column elementor-col-50 elementor-top-column elementor-element elementor-element-61f06de\" data-id=\"61f06de\" data-element_type=\"column\" data-e-type=\"column\">\n\t\t\t<div class=\"elementor-widget-wrap elementor-element-populated\">\n\t\t\t\t\t\t<div class=\"elementor-element elementor-element-7afcf76 elementor-widget elementor-widget-text-editor\" data-id=\"7afcf76\" data-element_type=\"widget\" data-e-type=\"widget\" data-widget_type=\"text-editor.default\">\n\t\t\t\t\t\t\t\t\t<p>Horsk\u00e1 chata \u0160port provides accommodation in twenty double rooms, with the possibility of an extra bed. Each room except the beds has a toilet, shower, wardrobe, table and chair. It is also possible to use the ski, dining and common room areas in the chalet. If you are hungry, we will be happy to welcome you in our restaurant or on the terrace outside.<\/p>\n\t\t\t\t\t\t\t\t<\/div>\n\t\t\t\t\t<\/div>\n\t\t<\/div>\n\t\t\t\t\t<\/div>\n\t\t<\/section>\n\t\t\t\t<section class=\"elementor-section elementor-top-section elementor-element elementor-element-1bbfdff elementor-section-boxed elementor-section-height-default elementor-section-height-default\" data-id=\"1bbfdff\" data-element_type=\"section\" data-e-type=\"section\">\n\t\t\t\t\t\t<div class=\"elementor-container elementor-column-gap-default\">\n\t\t\t\t\t<div class=\"elementor-column elementor-col-100 elementor-top-column elementor-element elementor-element-2c5970c\" data-id=\"2c5970c\" data-element_type=\"column\" data-e-type=\"column\" data-settings=\"{&quot;background_background&quot;:&quot;classic&quot;}\">\n\t\t\t<div class=\"elementor-widget-wrap elementor-element-populated\">\n\t\t\t\t\t\t<div class=\"elementor-element elementor-element-4c8cdf3 elementor-widget elementor-widget-heading\" data-id=\"4c8cdf3\" data-element_type=\"widget\" data-e-type=\"widget\" data-widget_type=\"heading.default\">\n\t\t\t\t\t<h3 class=\"elementor-heading-title elementor-size-default\">FIND OUT ABOUT ACCOMMODATION AVAILABILITY<\/h3>\t\t\t\t<\/div>\n\t\t\t\t<div class=\"elementor-element elementor-element-3207685 elementor-button-align-stretch elementor-widget elementor-widget-form\" data-id=\"3207685\" data-element_type=\"widget\" data-e-type=\"widget\" data-settings=\"{&quot;step_next_label&quot;:&quot;Next&quot;,&quot;step_previous_label&quot;:&quot;Previous&quot;,&quot;button_width&quot;:&quot;100&quot;,&quot;step_type&quot;:&quot;number_text&quot;,&quot;step_icon_shape&quot;:&quot;circle&quot;}\" data-widget_type=\"form.default\">\n\t\t\t\t\t\t\t<form class=\"elementor-form\" method=\"post\" name=\"New Form\" aria-label=\"New Form\">\n\t\t\t<input type=\"hidden\" name=\"post_id\" value=\"2493\"\/>\n\t\t\t<input type=\"hidden\" name=\"form_id\" value=\"3207685\"\/>\n\t\t\t<input type=\"hidden\" name=\"referer_title\" value=\"Accomodation | MOUNTAIN HUT \u0160PORT | SKI LYS\u00c1\" \/>\n\n\t\t\t\t\t\t\t<input type=\"hidden\" name=\"queried_id\" value=\"2493\"\/>\n\t\t\t\n\t\t\t<div class=\"elementor-form-fields-wrapper elementor-labels-above\">\n\t\t\t\t\t\t\t\t<div class=\"elementor-field-type-text elementor-field-group elementor-column elementor-field-group-name elementor-col-100 elementor-field-required elementor-mark-required\">\n\t\t\t\t\t\t\t\t\t\t\t\t<label for=\"form-field-name\" class=\"elementor-field-label\">\n\t\t\t\t\t\t\t\tYour name and surname\t\t\t\t\t\t\t<\/label>\n\t\t\t\t\t\t\t\t\t\t\t\t\t\t<input size=\"1\" type=\"text\" name=\"form_fields[name]\" id=\"form-field-name\" class=\"elementor-field elementor-size-sm  elementor-field-textual\" required=\"required\">\n\t\t\t\t\t\t\t\t\t\t\t<\/div>\n\t\t\t\t\t\t\t\t<div class=\"elementor-field-type-email elementor-field-group elementor-column elementor-field-group-email elementor-col-100 elementor-field-required elementor-mark-required\">\n\t\t\t\t\t\t\t\t\t\t\t\t<label for=\"form-field-email\" class=\"elementor-field-label\">\n\t\t\t\t\t\t\t\tE-mail adress\t\t\t\t\t\t\t<\/label>\n\t\t\t\t\t\t\t\t\t\t\t\t\t\t<input size=\"1\" type=\"email\" name=\"form_fields[email]\" id=\"form-field-email\" class=\"elementor-field elementor-size-sm  elementor-field-textual\" required=\"required\">\n\t\t\t\t\t\t\t\t\t\t\t<\/div>\n\t\t\t\t\t\t\t\t<div class=\"elementor-field-type-textarea elementor-field-group elementor-column elementor-field-group-message elementor-col-100\">\n\t\t\t\t\t\t\t\t\t\t\t\t<label for=\"form-field-message\" class=\"elementor-field-label\">\n\t\t\t\t\t\t\t\tYour message\t\t\t\t\t\t\t<\/label>\n\t\t\t\t\t\t<textarea class=\"elementor-field-textual elementor-field  elementor-size-sm\" name=\"form_fields[message]\" id=\"form-field-message\" rows=\"4\"><\/textarea>\t\t\t\t<\/div>\n\t\t\t\t\t\t\t\t<div class=\"elementor-field-group elementor-column elementor-field-type-submit elementor-col-100 e-form__buttons\">\n\t\t\t\t\t<button class=\"elementor-button elementor-size-sm\" type=\"submit\">\n\t\t\t\t\t\t<span class=\"elementor-button-content-wrapper\">\n\t\t\t\t\t\t\t\t\t\t\t\t\t\t\t\t\t\t\t\t\t\t<span class=\"elementor-button-text\">SEND MESSAGE<\/span>\n\t\t\t\t\t\t\t\t\t\t\t\t\t<\/span>\n\t\t\t\t\t<\/button>\n\t\t\t\t<\/div>\n\t\t\t<\/div>\n\t\t<\/form>\n\t\t\t\t\t\t<\/div>\n\t\t\t\t\t<\/div>\n\t\t<\/div>\n\t\t\t\t\t<\/div>\n\t\t<\/section>\n\t\t\t\t<\/div>\n\t\t","protected":false},"excerpt":{"rendered":"<p>MOUNTAIN HUT \u0160PORT ACCOMODATION RIGHT ON THE SLOPES The legendary mountain hut \u0160port boasts a long history, a wonderful atmosphere and a unique location right on the slopes. We decided to keep its mountain touch, but we locked up the accommodation in the way of upgrading the interiors. From new carpets, bathrooms to a brand [&hellip;]<\/p>\n","protected":false},"author":1,"featured_media":0,"parent":0,"menu_order":0,"comment_status":"closed","ping_status":"closed","template":"","meta":{"footnotes":""},"class_list":["post-2493","page","type-page","status-publish","hentry"],"yoast_head":"<!-- This site is optimized with the Yoast SEO plugin v26.8 - https:\/\/yoast.com\/product\/yoast-seo-wordpress\/ -->\n<title>Accomodation | MOUNTAIN HUT \u0160PORT | SKI LYS\u00c1<\/title>\n<meta name=\"description\" content=\"The legendary mountain hut \u0160port boasts a long history, a wonderful atmosphere and a unique location right on the slopes.\" \/>\n<meta name=\"robots\" content=\"index, follow, max-snippet:-1, max-image-preview:large, max-video-preview:-1\" \/>\n<link rel=\"canonical\" href=\"https:\/\/www.skilysa.sk\/ubytovanie\/\" \/>\n<meta property=\"og:locale\" content=\"en_US\" \/>\n<meta property=\"og:type\" content=\"article\" \/>\n<meta property=\"og:title\" content=\"Accomodation | MOUNTAIN HUT \u0160PORT | SKI LYS\u00c1\" \/>\n<meta property=\"og:description\" content=\"The legendary mountain hut \u0160port boasts a long history, a wonderful atmosphere and a unique location right on the slopes.\" \/>\n<meta property=\"og:url\" content=\"https:\/\/www.skilysa.sk\/ubytovanie\/\" \/>\n<meta property=\"og:site_name\" content=\"SKI LYS\u00c1\" \/>\n<meta property=\"article:modified_time\" content=\"2021-02-16T09:38:09+00:00\" \/>\n<meta property=\"og:image\" content=\"https:\/\/www.skilysa.sk\/wp-content\/uploads\/2020\/11\/o-stredisku-3.jpg\" \/>\n<meta name=\"twitter:card\" content=\"summary_large_image\" \/>\n<meta name=\"twitter:label1\" content=\"Est. reading time\" \/>\n\t<meta name=\"twitter:data1\" content=\"1 minute\" \/>\n<script type=\"application\/ld+json\" class=\"yoast-schema-graph\">{\"@context\":\"https:\/\/schema.org\",\"@graph\":[{\"@type\":\"WebPage\",\"@id\":\"https:\/\/www.skilysa.sk\/ubytovanie\/\",\"url\":\"https:\/\/www.skilysa.sk\/ubytovanie\/\",\"name\":\"Accomodation | MOUNTAIN HUT \u0160PORT | SKI LYS\u00c1\",\"isPartOf\":{\"@id\":\"https:\/\/www.skilysa.sk\/#website\"},\"primaryImageOfPage\":{\"@id\":\"https:\/\/www.skilysa.sk\/ubytovanie\/#primaryimage\"},\"image\":{\"@id\":\"https:\/\/www.skilysa.sk\/ubytovanie\/#primaryimage\"},\"thumbnailUrl\":\"https:\/\/www.skilysa.sk\/wp-content\/uploads\/2020\/11\/o-stredisku-3.jpg\",\"datePublished\":\"2020-12-30T14:22:58+00:00\",\"dateModified\":\"2021-02-16T09:38:09+00:00\",\"description\":\"The legendary mountain hut \u0160port boasts a long history, a wonderful atmosphere and a unique location right on the slopes.\",\"breadcrumb\":{\"@id\":\"https:\/\/www.skilysa.sk\/ubytovanie\/#breadcrumb\"},\"inLanguage\":\"en-US\",\"potentialAction\":[{\"@type\":\"ReadAction\",\"target\":[\"https:\/\/www.skilysa.sk\/ubytovanie\/\"]}]},{\"@type\":\"ImageObject\",\"inLanguage\":\"en-US\",\"@id\":\"https:\/\/www.skilysa.sk\/ubytovanie\/#primaryimage\",\"url\":\"https:\/\/www.skilysa.sk\/wp-content\/uploads\/2020\/11\/o-stredisku-3.jpg\",\"contentUrl\":\"https:\/\/www.skilysa.sk\/wp-content\/uploads\/2020\/11\/o-stredisku-3.jpg\"},{\"@type\":\"BreadcrumbList\",\"@id\":\"https:\/\/www.skilysa.sk\/ubytovanie\/#breadcrumb\",\"itemListElement\":[{\"@type\":\"ListItem\",\"position\":1,\"name\":\"Domovsk\u00e1 str\u00e1nka\",\"item\":\"https:\/\/www.skilysa.sk\/\"},{\"@type\":\"ListItem\",\"position\":2,\"name\":\"Accomodation\"}]},{\"@type\":\"WebSite\",\"@id\":\"https:\/\/www.skilysa.sk\/#website\",\"url\":\"https:\/\/www.skilysa.sk\/\",\"name\":\"SKI LYS\u00c1\",\"description\":\"Tvoje celoro\u010dn\u00e9 stredisko\",\"potentialAction\":[{\"@type\":\"SearchAction\",\"target\":{\"@type\":\"EntryPoint\",\"urlTemplate\":\"https:\/\/www.skilysa.sk\/?s={search_term_string}\"},\"query-input\":{\"@type\":\"PropertyValueSpecification\",\"valueRequired\":true,\"valueName\":\"search_term_string\"}}],\"inLanguage\":\"en-US\"}]}<\/script>\n<!-- \/ Yoast SEO plugin. -->","yoast_head_json":{"title":"Accomodation | MOUNTAIN HUT \u0160PORT | SKI LYS\u00c1","description":"The legendary mountain hut \u0160port boasts a long history, a wonderful atmosphere and a unique location right on the slopes.","robots":{"index":"index","follow":"follow","max-snippet":"max-snippet:-1","max-image-preview":"max-image-preview:large","max-video-preview":"max-video-preview:-1"},"canonical":"https:\/\/www.skilysa.sk\/ubytovanie\/","og_locale":"en_US","og_type":"article","og_title":"Accomodation | MOUNTAIN HUT \u0160PORT | SKI LYS\u00c1","og_description":"The legendary mountain hut \u0160port boasts a long history, a wonderful atmosphere and a unique location right on the slopes.","og_url":"https:\/\/www.skilysa.sk\/ubytovanie\/","og_site_name":"SKI LYS\u00c1","article_modified_time":"2021-02-16T09:38:09+00:00","og_image":[{"url":"https:\/\/www.skilysa.sk\/wp-content\/uploads\/2020\/11\/o-stredisku-3.jpg","type":"","width":"","height":""}],"twitter_card":"summary_large_image","twitter_misc":{"Est. reading time":"1 minute"},"schema":{"@context":"https:\/\/schema.org","@graph":[{"@type":"WebPage","@id":"https:\/\/www.skilysa.sk\/ubytovanie\/","url":"https:\/\/www.skilysa.sk\/ubytovanie\/","name":"Accomodation | MOUNTAIN HUT \u0160PORT | SKI LYS\u00c1","isPartOf":{"@id":"https:\/\/www.skilysa.sk\/#website"},"primaryImageOfPage":{"@id":"https:\/\/www.skilysa.sk\/ubytovanie\/#primaryimage"},"image":{"@id":"https:\/\/www.skilysa.sk\/ubytovanie\/#primaryimage"},"thumbnailUrl":"https:\/\/www.skilysa.sk\/wp-content\/uploads\/2020\/11\/o-stredisku-3.jpg","datePublished":"2020-12-30T14:22:58+00:00","dateModified":"2021-02-16T09:38:09+00:00","description":"The legendary mountain hut \u0160port boasts a long history, a wonderful atmosphere and a unique location right on the slopes.","breadcrumb":{"@id":"https:\/\/www.skilysa.sk\/ubytovanie\/#breadcrumb"},"inLanguage":"en-US","potentialAction":[{"@type":"ReadAction","target":["https:\/\/www.skilysa.sk\/ubytovanie\/"]}]},{"@type":"ImageObject","inLanguage":"en-US","@id":"https:\/\/www.skilysa.sk\/ubytovanie\/#primaryimage","url":"https:\/\/www.skilysa.sk\/wp-content\/uploads\/2020\/11\/o-stredisku-3.jpg","contentUrl":"https:\/\/www.skilysa.sk\/wp-content\/uploads\/2020\/11\/o-stredisku-3.jpg"},{"@type":"BreadcrumbList","@id":"https:\/\/www.skilysa.sk\/ubytovanie\/#breadcrumb","itemListElement":[{"@type":"ListItem","position":1,"name":"Domovsk\u00e1 str\u00e1nka","item":"https:\/\/www.skilysa.sk\/"},{"@type":"ListItem","position":2,"name":"Accomodation"}]},{"@type":"WebSite","@id":"https:\/\/www.skilysa.sk\/#website","url":"https:\/\/www.skilysa.sk\/","name":"SKI LYS\u00c1","description":"Tvoje celoro\u010dn\u00e9 stredisko","potentialAction":[{"@type":"SearchAction","target":{"@type":"EntryPoint","urlTemplate":"https:\/\/www.skilysa.sk\/?s={search_term_string}"},"query-input":{"@type":"PropertyValueSpecification","valueRequired":true,"valueName":"search_term_string"}}],"inLanguage":"en-US"}]}},"_links":{"self":[{"href":"https:\/\/www.skilysa.sk\/en\/wp-json\/wp\/v2\/pages\/2493","targetHints":{"allow":["GET"]}}],"collection":[{"href":"https:\/\/www.skilysa.sk\/en\/wp-json\/wp\/v2\/pages"}],"about":[{"href":"https:\/\/www.skilysa.sk\/en\/wp-json\/wp\/v2\/types\/page"}],"author":[{"embeddable":true,"href":"https:\/\/www.skilysa.sk\/en\/wp-json\/wp\/v2\/users\/1"}],"replies":[{"embeddable":true,"href":"https:\/\/www.skilysa.sk\/en\/wp-json\/wp\/v2\/comments?post=2493"}],"version-history":[{"count":2,"href":"https:\/\/www.skilysa.sk\/en\/wp-json\/wp\/v2\/pages\/2493\/revisions"}],"predecessor-version":[{"id":3313,"href":"https:\/\/www.skilysa.sk\/en\/wp-json\/wp\/v2\/pages\/2493\/revisions\/3313"}],"wp:attachment":[{"href":"https:\/\/www.skilysa.sk\/en\/wp-json\/wp\/v2\/media?parent=2493"}],"curies":[{"name":"wp","href":"https:\/\/api.w.org\/{rel}","templated":true}]}}